{"id":12,"date":"2024-01-27T10:08:32","date_gmt":"2024-01-27T10:08:32","guid":{"rendered":"https:\/\/teherautoberlesbudapest.eu\/fizetes\/?post_type=product&#038;p=12"},"modified":"2024-08-01T10:04:41","modified_gmt":"2024-08-01T10:04:41","slug":"dijbekero-kifizetese","status":"publish","type":"product","link":"https:\/\/teherautoberlesbudapest.eu\/fizetes\/termek\/dijbekero-kifizetese\/","title":{"rendered":"D\u00edjbek\u00e9r\u0151 kifizet\u00e9se"},"content":{"rendered":"","protected":false},"excerpt":{"rendered":"<p>Fizesse ki aktu\u00e1lis d\u00edjbek\u00e9r\u0151j\u00e9t bankk\u00e1rty\u00e1s fizet\u00e9ssel.<\/p>\n<p>Az internetes rendel\u00e9s nem j\u00e1r szolg\u00e1ltat\u00e1si k\u00f6telezetts\u00e9ggel. A rendel\u00e9s\u00e9t ellen\u0151rz\u00e9s ut\u00e1n visszaigazoljuk.<br \/>\nK\u00e9rj\u00fck, csak akkor fizessen ezen az oldalon, ha kapott t\u0151l\u00fcnk ki\u00e1ll\u00edtott d\u00edjbek\u00e9r\u0151t \/ sz\u00e1ml\u00e1t!<\/p>\n<p>K\u00e9rj\u00fck, adja meg a d\u00edjbek\u00e9r\u0151 sz\u00e1m\u00e1t \u00e9s a fizetend\u0151 \u00f6sszeget:<\/p>\n","protected":false},"featured_media":0,"template":"","meta":[],"product_cat":[15],"product_tag":[],"class_list":{"0":"post-12","1":"product","2":"type-product","3":"status-publish","5":"product_cat-egyeb","7":"first","8":"instock","9":"virtual","10":"sold-individually","11":"purchasable","12":"product-type-simple"},"_links":{"self":[{"href":"https:\/\/teherautoberlesbudapest.eu\/fizetes\/wp-json\/wp\/v2\/product\/12","targetHints":{"allow":["GET"]}}],"collection":[{"href":"https:\/\/teherautoberlesbudapest.eu\/fizetes\/wp-json\/wp\/v2\/product"}],"about":[{"href":"https:\/\/teherautoberlesbudapest.eu\/fizetes\/wp-json\/wp\/v2\/types\/product"}],"wp:attachment":[{"href":"https:\/\/teherautoberlesbudapest.eu\/fizetes\/wp-json\/wp\/v2\/media?parent=12"}],"wp:term":[{"taxonomy":"product_cat","embeddable":true,"href":"https:\/\/teherautoberlesbudapest.eu\/fizetes\/wp-json\/wp\/v2\/product_cat?post=12"},{"taxonomy":"product_tag","embeddable":true,"href":"https:\/\/teherautoberlesbudapest.eu\/fizetes\/wp-json\/wp\/v2\/product_tag?post=12"}],"curies":[{"name":"wp","href":"https:\/\/api.w.org\/{rel}","templated":true}]}}