{"id":40,"date":"2024-01-27T21:16:20","date_gmt":"2024-01-27T21:16:20","guid":{"rendered":"https:\/\/teherautoberlesbudapest.eu\/fizetes\/?page_id=40"},"modified":"2024-01-29T17:04:12","modified_gmt":"2024-01-29T17:04:12","slug":"dijbekero-kifizetese","status":"publish","type":"page","link":"https:\/\/teherautoberlesbudapest.eu\/fizetes\/","title":{"rendered":"D\u00edjbek\u00e9r\u0151 kifizet\u00e9se"},"content":{"rendered":"\t\t<div data-elementor-type=\"wp-post\" data-elementor-id=\"40\" class=\"elementor elementor-40\" data-elementor-post-type=\"page\">\n\t\t\t\t<div class=\"elementor-element elementor-element-249b737 e-flex e-con-boxed e-con e-parent\" data-id=\"249b737\" data-element_type=\"container\" data-settings=\"{&quot;content_width&quot;:&quot;boxed&quot;}\" data-core-v316-plus=\"true\">\n\t\t\t\t\t<div class=\"e-con-inner\">\n\t\t\t\t<div class=\"elementor-element elementor-element-e72df85 elementor-widget elementor-widget-shortcode\" data-id=\"e72df85\" data-element_type=\"widget\" data-widget_type=\"shortcode.default\">\n\t\t\t\t<div class=\"elementor-widget-container\">\n\t\t\t\t\t<div class=\"elementor-shortcode\"><div class=\"woocommerce\">\t\t\t<div class=\"single-product\" data-product-page-preselected-id=\"0\">\n\t\t\t\t<div class=\"woocommerce-notices-wrapper\"><\/div><div id=\"product-12\" class=\"product type-product post-12 status-publish first instock product_cat-egyeb virtual sold-individually purchasable product-type-simple\">\n\n\t\n\t<div class=\"summary entry-summary\">\n\t\t<h1 class=\"product_title entry-title\">D\u00edjbek\u00e9r\u0151 kifizet\u00e9se<\/h1><p class=\"price\"><\/p>\n<div class=\"woocommerce-product-details__short-description\">\n\t<p>Fizesse ki aktu\u00e1lis d\u00edjbek\u00e9r\u0151j\u00e9t bankk\u00e1rty\u00e1s fizet\u00e9ssel.<\/p>\n<p>Az internetes rendel\u00e9s nem j\u00e1r szolg\u00e1ltat\u00e1si k\u00f6telezetts\u00e9ggel. A rendel\u00e9s\u00e9t ellen\u0151rz\u00e9s ut\u00e1n visszaigazoljuk.<br \/>\nK\u00e9rj\u00fck, csak akkor fizessen ezen az oldalon, ha kapott t\u0151l\u00fcnk ki\u00e1ll\u00edtott d\u00edjbek\u00e9r\u0151t \/ sz\u00e1ml\u00e1t!<\/p>\n<p>K\u00e9rj\u00fck, adja meg a d\u00edjbek\u00e9r\u0151 sz\u00e1m\u00e1t \u00e9s a fizetend\u0151 \u00f6sszeget:<\/p>\n<\/div>\n\n\t\n\t<form class=\"cart\" action=\"\" method=\"post\" enctype='multipart\/form-data'>\n\t\t<div class=\"wapf\"><div class=\"wapf-wrapper\">\n<div\n    class=\"wapf-field-group\"\n    data-group=\"p_12\"\n    >\n\n        <div class=\"wapf-field-row\">\n                    <div class=\"wapf-field-container wapf-field-text invoicenumber\" style=\"width:100%;\" for=\"65b4dc7ce5384\" >\n\n            <div class=\"wapf-field-label wapf--above\"><label><span>D\u00edjbek\u00e9r\u0151 sz\u00e1ma<\/span><\/label><\/div>\n            <div class=\"wapf-field-input\">\n                \n<input type=\"text\" value=\"\" name=\"wapf[field_65b4dc7ce5384]\" class=\"wapf-input\" data-is-required=\"1\" data-field-id=\"65b4dc7ce5384\" required \/>            <\/div>\n\n            \n            \n        <\/div>\n        <\/div>\n<\/div><input type=\"hidden\" value=\"p_12\" name=\"wapf_field_groups\"\/><\/div><div class=\"wapf-product-totals\" data-product-type=\"simple\" data-product-price=\"1\" data-product-id=\"12\">\n    <div class=\"wapf--inner\">\n        <div>\n            <span>Product total<\/span>\n            <span class=\"wapf-product-total price amount\"><\/span>\n        <\/div>\n        <div>\n            <span>Options total<\/span>\n            <span class=\"wapf-options-total price amount\"><\/span>\n        <\/div>\n        <div>\n            <span>Grand total<\/span>\n            <span class=\"wapf-grand-total price amount\"><\/span>\n        <\/div>\n    <\/div>\n<\/div><\/div><div style=\"margin-bottom:25px;\"><label for=\"alg_open_price_12\">Fizetend\u0151 \u00f6sszeg<\/label><input type=\"number\" data-product_id=\"12\" class=\"alg_open_price text\" style=\"width:250px;\" name=\"alg_open_price\" id=\"alg_open_price_12\" value=\"\" pattern=\"\" step=\"0.01\" > <span class=\"popfwc-currency-symbol\">&#70;&#116;<\/span><\/div>\t\t\t\t<style>\r\n\t\t\t\t\t.alg_open_price[type='number'] {\r\n\t\t\t\t\t\t-moz-appearance:textfield;\r\n\t\t\t\t\t}\r\n\t\t\t\t\t.alg_open_price::-webkit-outer-spin-button,\r\n\t\t\t\t\t.alg_open_price::-webkit-inner-spin-button {\r\n\t\t\t\t\t\t-webkit-appearance: none;\r\n\t\t\t\t\t\tmargin: 0;\r\n\t\t\t\t\t}\r\n\t\t\t\t<\/style>\r\n\t\t\t\t\n\t\t<div class=\"quantity\">\n\t\t<label class=\"screen-reader-text\" for=\"quantity_69ff258f5a3be\">D\u00edjbek\u00e9r\u0151 kifizet\u00e9se mennyis\u00e9g<\/label>\n\t<input\n\t\ttype=\"hidden\"\n\t\t\t\tid=\"quantity_69ff258f5a3be\"\n\t\tclass=\"input-text qty text\"\n\t\tname=\"quantity\"\n\t\tvalue=\"1\"\n\t\taria-label=\"Term\u00e9k mennyis\u00e9g\"\n\t\tsize=\"4\"\n\t\tmin=\"1\"\n\t\tmax=\"1\"\n\t\t\t\t\tstep=\"1\"\n\t\t\tplaceholder=\"\"\n\t\t\tinputmode=\"numeric\"\n\t\t\tautocomplete=\"off\"\n\t\t\t\/>\n\t<\/div>\n\n\t\t<button type=\"submit\" name=\"add-to-cart\" value=\"12\" class=\"single_add_to_cart_button button alt\">Tov\u00e1bb<\/button>\n\n\t\t\t<\/form>\n\n\t\n<div class=\"product_meta\">\n\n\t\n\t\n\t<span class=\"posted_in\">Kateg\u00f3ria: <a href=\"https:\/\/teherautoberlesbudapest.eu\/fizetes\/termekkategoria\/egyeb\/\" rel=\"tag\">Egy\u00e9b<\/a><\/span>\n\t\n\t\n<\/div>\n\t<\/div>\n\n\t<\/div>\n\n\t\t\t<\/div>\n\t\t\t<\/div><\/div>\n\t\t\t\t<\/div>\n\t\t\t\t<\/div>\n\t\t\t\t\t<\/div>\n\t\t\t\t<\/div>\n\t\t\t\t<\/div>\n\t\t","protected":false},"excerpt":{"rendered":"","protected":false},"author":1,"featured_media":0,"parent":0,"menu_order":0,"comment_status":"closed","ping_status":"closed","template":"","meta":{"footnotes":""},"class_list":["post-40","page","type-page","status-publish","hentry"],"_links":{"self":[{"href":"https:\/\/teherautoberlesbudapest.eu\/fizetes\/wp-json\/wp\/v2\/pages\/40","targetHints":{"allow":["GET"]}}],"collection":[{"href":"https:\/\/teherautoberlesbudapest.eu\/fizetes\/wp-json\/wp\/v2\/pages"}],"about":[{"href":"https:\/\/teherautoberlesbudapest.eu\/fizetes\/wp-json\/wp\/v2\/types\/page"}],"author":[{"embeddable":true,"href":"https:\/\/teherautoberlesbudapest.eu\/fizetes\/wp-json\/wp\/v2\/users\/1"}],"replies":[{"embeddable":true,"href":"https:\/\/teherautoberlesbudapest.eu\/fizetes\/wp-json\/wp\/v2\/comments?post=40"}],"version-history":[{"count":18,"href":"https:\/\/teherautoberlesbudapest.eu\/fizetes\/wp-json\/wp\/v2\/pages\/40\/revisions"}],"predecessor-version":[{"id":89,"href":"https:\/\/teherautoberlesbudapest.eu\/fizetes\/wp-json\/wp\/v2\/pages\/40\/revisions\/89"}],"wp:attachment":[{"href":"https:\/\/teherautoberlesbudapest.eu\/fizetes\/wp-json\/wp\/v2\/media?parent=40"}],"curies":[{"name":"wp","href":"https:\/\/api.w.org\/{rel}","templated":true}]}}